{"id":1063,"date":"2021-01-28T01:05:57","date_gmt":"2021-01-28T00:05:57","guid":{"rendered":"http:\/\/ijkrorc.cluster030.hosting.ovh.net\/Wp\/?page_id=1063"},"modified":"2021-02-12T00:29:45","modified_gmt":"2021-02-11T23:29:45","slug":"son-origine","status":"publish","type":"page","link":"https:\/\/www.spirulinedujura.fr\/index.php\/son-origine\/","title":{"rendered":"Son origine"},"content":{"rendered":"<section class=\"kc-elm kc-css-862333 kc_row\"><div class=\"kc-row-container  kc-container\"><div class=\"kc-wrap-columns\"><div class=\"kc-elm kc-css-679273 kc_col-sm-12 kc_column kc_col-sm-12\"><div class=\"kc-col-container\"><div class=\"kc-elm kc-css-881369 kc_text_block\"><\/p>\n<div>\n<p><strong>Son Origine de la pr\u00e9histoire \u00e0 nos jours<\/strong><\/p>\n<p>La spiruline, comme toutes les micro-algues, fait partie des toutes premi\u00e8res formes de vie apparues sur terre, il y a maintenant plus de 3 milliards d&#039;ann\u00e9es.<\/p>\n<p>Elle a m\u00eame joue un r\u00f4le primordial dans l&#039;apparition et le d\u00e9veloppement de la vie sur la plan\u00e8te.<br \/>En effet, comme toutes les cyanobact\u00e9ries auxquelles elle appartient, elle a contribu\u00e9, par l&#039;interm\u00e9diaire du processus de photosynth\u00e8se, \u00e0 produire de l&#039;oxyg\u00e8ne \u00e0 partir du gaz carbonique.<\/p>\n<p>L\u2019oxyg\u00e8ne ayant permis le d\u00e9veloppement de la vie, lorsqu&#039;on consomme de la spiruline aujourd&#039;hui on effectue, en quelque sorte, un retour aux sources &#8230;<\/p>\n<p>D\u00e9couverte et consomm\u00e9e depuis tr\u00e8s longtemps par les Azt\u00e8ques ou en Afrique o\u00f9 elle croit spontan\u00e9ment dans de nombreux lacs, sa haute valeur nutritive en fait un compl\u00e9ment alimentaire naturel tr\u00e8s appr\u00e9ci\u00e9.<\/p>\n<\/div>\n<p>\n<\/div><\/div><\/div><\/div><\/div><\/section>\n","protected":false},"excerpt":{"rendered":"","protected":false},"author":1,"featured_media":0,"parent":0,"menu_order":0,"comment_status":"closed","ping_status":"closed","template":"","meta":{"footnotes":""},"class_list":["post-1063","page","type-page","status-publish","hentry"],"_links":{"self":[{"href":"https:\/\/www.spirulinedujura.fr\/index.php\/wp-json\/wp\/v2\/pages\/1063","targetHints":{"allow":["GET"]}}],"collection":[{"href":"https:\/\/www.spirulinedujura.fr\/index.php\/wp-json\/wp\/v2\/pages"}],"about":[{"href":"https:\/\/www.spirulinedujura.fr\/index.php\/wp-json\/wp\/v2\/types\/page"}],"author":[{"embeddable":true,"href":"https:\/\/www.spirulinedujura.fr\/index.php\/wp-json\/wp\/v2\/users\/1"}],"replies":[{"embeddable":true,"href":"https:\/\/www.spirulinedujura.fr\/index.php\/wp-json\/wp\/v2\/comments?post=1063"}],"version-history":[{"count":2,"href":"https:\/\/www.spirulinedujura.fr\/index.php\/wp-json\/wp\/v2\/pages\/1063\/revisions"}],"predecessor-version":[{"id":1462,"href":"https:\/\/www.spirulinedujura.fr\/index.php\/wp-json\/wp\/v2\/pages\/1063\/revisions\/1462"}],"wp:attachment":[{"href":"https:\/\/www.spirulinedujura.fr\/index.php\/wp-json\/wp\/v2\/media?parent=1063"}],"curies":[{"name":"wp","href":"https:\/\/api.w.org\/{rel}","templated":true}]}}