{"id":1115,"date":"2021-01-29T15:30:44","date_gmt":"2021-01-29T14:30:44","guid":{"rendered":"http:\/\/ijkrorc.cluster030.hosting.ovh.net\/Wp\/?page_id=1115"},"modified":"2021-02-12T00:29:09","modified_gmt":"2021-02-11T23:29:09","slug":"son-apport","status":"publish","type":"page","link":"https:\/\/www.spirulinedujura.fr\/index.php\/son-apport\/","title":{"rendered":"Son apport nutritionnel"},"content":{"rendered":"<p><section class=\"kc-elm kc-css-925835 kc_row\"><div class=\"kc-row-container  kc-container\"><div class=\"kc-wrap-columns\"><div class=\"kc-elm kc-css-323540 kc_col-sm-6 kc_column kc_col-sm-6\"><div class=\"kc-col-container\"><div class=\"kc-elm kc-css-925288 kc_text_block\"><\/p>\n<h1 style=\"text-align: center;\">Les acides amin\u00e9s<\/h1>\n<p>Les 20 acides amin\u00e9s sont pr\u00e9sents dans la spiruline c&#039;est \u00e0 dire que la spiruline contient tous les acides amin\u00e9s essentiels.<\/p>\n<table border=\"1\" cellspacing=\"0\" cellpadding=\"2\" align=\"center\">\n<tbody>\n<tr style=\"background-color: #c9c5c5;\" valign=\"middle\">\n<td colspan=\"2\" width=\"235\">\n<p style=\"text-align: center;\">Acides amin\u00e9s essentiels<\/p>\n<\/td>\n<td valign=\"top\" width=\"36\">\u00a0<\/td>\n<td colspan=\"2\" valign=\"top\" width=\"222\">\n<p style=\"text-align: center;\">Acides amin\u00e9s <strong>non<\/strong> essentiels<\/p>\n<\/td>\n<\/tr>\n<tr>\n<td width=\"154\">\n<p>\u00a0Isoleucine<\/p>\n<\/td>\n<td width=\"81\">\n<p style=\"text-align: center;\" align=\"center\">140 mg<\/p>\n<\/td>\n<td valign=\"top\" width=\"36\">\u00a0<\/td>\n<td valign=\"top\" width=\"141\">\n<p>\u00a0Alanine<\/p>\n<\/td>\n<td valign=\"top\" width=\"81\">\n<p style=\"text-align: center;\" align=\"center\">188 mg<\/p>\n<\/td>\n<\/tr>\n<tr>\n<td width=\"154\">\n<p>\u00a0Leucine<\/p>\n<\/td>\n<td width=\"81\">\n<p style=\"text-align: center;\" align=\"center\">216 mg<\/p>\n<\/td>\n<td valign=\"top\" width=\"36\">\u00a0<\/td>\n<td valign=\"top\" width=\"141\">\n<p>\u00a0Arginine<\/p>\n<\/td>\n<td valign=\"top\" width=\"81\">\n<p style=\"text-align: center;\" align=\"center\">175 mg<\/p>\n<\/td>\n<\/tr>\n<tr>\n<td width=\"154\">\n<p>\u00a0Lysine<\/p>\n<\/td>\n<td width=\"81\">\n<p style=\"text-align: center;\" align=\"center\">290 mg<\/p>\n<\/td>\n<td valign=\"top\" width=\"36\">\u00a0<\/td>\n<td valign=\"top\" width=\"141\">\n<p>\u00a0Acide aspartique<\/p>\n<\/td>\n<td valign=\"top\" width=\"81\">\n<p style=\"text-align: center;\" align=\"center\">244 mg<\/p>\n<\/td>\n<\/tr>\n<tr>\n<td width=\"154\">\n<p>\u00a0M\u00e9thionine<\/p>\n<\/td>\n<td width=\"81\">\n<p style=\"text-align: center;\" align=\"center\">116 mg<\/p>\n<\/td>\n<td valign=\"top\" width=\"36\">\u00a0<\/td>\n<td valign=\"top\" width=\"141\">\n<p>\u00a0Cystine<\/p>\n<\/td>\n<td valign=\"top\" width=\"81\">\n<p style=\"text-align: center;\" align=\"center\">24 mg<\/p>\n<\/td>\n<\/tr>\n<tr>\n<td width=\"154\">\n<p>\u00a0Ph\u00e9nylalanine<\/p>\n<\/td>\n<td width=\"81\">\n<p style=\"text-align: center;\" align=\"center\">112 mg<\/p>\n<\/td>\n<td valign=\"top\" width=\"36\">\u00a0<\/td>\n<td valign=\"top\" width=\"141\">\n<p>\u00a0Acide glutamique<\/p>\n<\/td>\n<td valign=\"top\" width=\"81\">\n<p style=\"text-align: center;\" align=\"center\">364 mg<\/p>\n<\/td>\n<\/tr>\n<tr>\n<td width=\"154\">\n<p>\u00a0Thr\u00e9onine<\/p>\n<\/td>\n<td width=\"81\">\n<p style=\"text-align: center;\" align=\"center\">128 mg<\/p>\n<\/td>\n<td valign=\"top\" width=\"36\">\u00a0<\/td>\n<td valign=\"top\" width=\"141\">\u00a0Glycine<\/td>\n<td valign=\"top\" width=\"81\">\n<p style=\"text-align: center;\" align=\"center\">128 mg<\/p>\n<\/td>\n<\/tr>\n<tr>\n<td width=\"154\">\n<p>\u00a0Tryptophane<\/p>\n<\/td>\n<td width=\"81\">\n<p style=\"text-align: center;\" align=\"center\">36 mg<\/p>\n<\/td>\n<td valign=\"top\" width=\"36\">\u00a0<\/td>\n<td valign=\"top\" width=\"141\">\n<p>\u00a0Histidine<\/p>\n<\/td>\n<td valign=\"top\" width=\"81\">\n<p style=\"text-align: center;\" align=\"center\">40 mg<\/p>\n<\/td>\n<\/tr>\n<tr>\n<td width=\"154\">\n<p>\u00a0Valine<\/p>\n<\/td>\n<td width=\"81\">\n<p style=\"text-align: center;\" align=\"center\">160 mg<\/p>\n<\/td>\n<td valign=\"top\" width=\"36\">\u00a0<\/td>\n<td valign=\"top\" width=\"141\">\n<p>\u00a0Proline<\/p>\n<\/td>\n<td valign=\"top\" width=\"81\">\n<p style=\"text-align: center;\" align=\"center\">108 mg<\/p>\n<\/td>\n<\/tr>\n<tr>\n<td width=\"154\">\u00a0<\/td>\n<td style=\"text-align: center;\" width=\"81\">\n<p align=\"center\">\n<\/td>\n<td valign=\"top\" width=\"36\">\u00a0<\/td>\n<td valign=\"top\" width=\"141\">\n<p>\u00a0Serine<\/p>\n<\/td>\n<td valign=\"top\" width=\"81\">\n<p style=\"text-align: center;\" align=\"center\">128 mg<\/p>\n<\/td>\n<\/tr>\n<tr>\n<td width=\"154\">\u00a0<\/td>\n<td style=\"text-align: center;\" width=\"81\">\n<p align=\"center\">\n<\/td>\n<td valign=\"top\" width=\"36\">\u00a0<\/td>\n<td valign=\"top\" width=\"141\">\n<p>\u00a0Tyrosine<\/p>\n<\/td>\n<td valign=\"top\" width=\"81\">\n<p style=\"text-align: center;\" align=\"center\">120 mg<\/p>\n<\/td>\n<\/tr>\n<\/tbody>\n<\/table>\n<h1>\u00a0<\/h1>\n<p>\n<\/div><\/div><\/div><div class=\"kc-elm kc-css-426131 kc_col-sm-6 kc_column kc_col-sm-6\"><div class=\"kc-col-container\"><div class=\"kc-elm kc-css-725486 kc_text_block\"><\/p>\n<h1 style=\"text-align: center;\">Les Pigments<\/h1>\n<div><\/div>\n<div>Les pigments les plus visibles sont la chlorophylle et la phycocyanine. La Phycocyanine donne cette couleur bleu \u00e0 la spiruline. Plus la spiruline est vert fonc\u00e9, plus elle contient de la phycocyanine.<\/div>\n<div><\/div>\n<\/p>\n<table style=\"margin-left: auto; margin-right: auto;\" cellspacing=\"0\" cellpadding=\"0\" border=\"1\">\n<tbody>\n<tr>\n<td width=\"153\" valign=\"top\">\n<p>\u00a0Phycocyanine (bleu)<\/p>\n<\/td>\n<td width=\"109\" valign=\"top\">\n<p style=\"text-align: center;\">1500 \u2013 2000 mg<\/p>\n<\/td>\n<\/tr>\n<tr>\n<td width=\"153\" valign=\"top\">\n<p>\u00a0Chlorophylle (vert)<\/p>\n<\/td>\n<td width=\"109\" valign=\"top\">\n<p style=\"text-align: center;\">115 mg<\/p>\n<\/td>\n<\/tr>\n<tr>\n<td width=\"153\" valign=\"top\">\n<p>\u00a0Carot\u00e9no\u00efdes (orange)<\/p>\n<\/td>\n<td width=\"109\" valign=\"top\">\n<p style=\"text-align: center;\">37 mg<\/p>\n<\/td>\n<\/tr>\n<tr>\n<td width=\"153\" valign=\"top\">\n<p>\u00a0B\u00e9ta-carot\u00e8ne<\/p>\n<\/td>\n<td width=\"109\" valign=\"top\">\n<p style=\"text-align: center;\">14 mg<\/p>\n<\/td>\n<\/tr>\n<\/tbody>\n<\/table>\n<p>\n<\/div><div class=\"kc-elm kc-css-103149 kc_shortcode kc_single_image\">\n\n        <img decoding=\"async\" src=\"https:\/\/www.spirulinedujura.fr\/wp-content\/uploads\/2021\/01\/pigments_spiruline.jpeg\" class=\"\" alt=\"\" \/>    <\/div>\n<\/div><\/div><\/div><\/div><\/section><section class=\"kc-elm kc-css-571984 kc_row\"><div class=\"kc-row-container  kc-container\"><div class=\"kc-wrap-columns\"><div class=\"kc-elm kc-css-475417 kc_col-sm-12 kc_column kc_col-sm-12\"><div class=\"kc-col-container\"><div class=\"kc-elm kc-css-177921 kc_text_block\"><\/p>\n<h1 style=\"text-align: center;\">Vitamines, sels min\u00e9raux et oligo-\u00e9l\u00e9ments<\/h1>\n<table border=\"1\" cellspacing=\"0\" cellpadding=\"2\">\n<tbody>\n<tr>\n<td align=\"center\" valign=\"middle\">\n<p align=\"center\"><strong> Valeurs Moyennes<br \/><\/strong><\/p>\n<\/td>\n<td rowspan=\"2\" align=\"center\" valign=\"middle\">\n<p align=\"center\"><strong>Pour 100g<\/strong><\/p>\n<\/td>\n<td rowspan=\"2\" align=\"center\" valign=\"middle\">\n<p align=\"center\"><strong>pour 100g<\/strong><br \/><strong>% AQR (*)<\/strong><\/p>\n<\/td>\n<td rowspan=\"2\" align=\"center\" valign=\"middle\">\n<p align=\"center\"><strong>pour 3g<\/strong><br \/><strong>%AQR (*)<\/strong><\/p>\n<\/td>\n<\/tr>\n<tr>\n<td style=\"text-align: center;\" align=\"center\" valign=\"middle\">\u00a0Composition<\/td>\n<\/tr>\n<tr align=\"center\" valign=\"middle\">\n<td align=\"center\" valign=\"middle\">\n<p>\u00a0Energie<\/p>\n<\/td>\n<td align=\"center\" valign=\"middle\">\n<p style=\"text-align: center;\" align=\"center\">1467 Kj<\/p>\n<\/td>\n<td align=\"center\" valign=\"middle\">\n<p align=\"center\">17,5 %<\/p>\n<\/td>\n<td align=\"center\" valign=\"middle\">\n<p align=\"center\">\u00a00,,5 %<\/p>\n<\/td>\n<\/tr>\n<tr align=\"center\" valign=\"middle\">\n<td align=\"center\" valign=\"middle\">\u00a0Energie<\/td>\n<td style=\"text-align: center;\" align=\"center\" valign=\"middle\">348 Kcal<\/td>\n<td style=\"text-align: center;\" align=\"center\" valign=\"middle\">17,4 %<\/td>\n<td style=\"text-align: center;\" align=\"center\" valign=\"middle\">0,5 %<\/td>\n<\/tr>\n<tr align=\"center\" valign=\"middle\">\n<td align=\"center\" valign=\"middle\">\n<p>\u00a0Graisse dont :<\/p>\n<ul>\n<li>acides gras satur\u00e9s<\/li>\n<li>acides gras mono-insatur\u00e9s<\/li>\n<li>acides gras poly-insatur\u00e9s<\/li>\n<\/ul>\n<\/td>\n<td align=\"center\" valign=\"middle\">\n<p>6,3 g<\/p>\n<p>3 g<br \/>1,6 g<br \/>1,6 g<\/p>\n<\/td>\n<td align=\"center\" valign=\"middle\">\n<p>9 %<\/p>\n<p>15 %<br \/>\/<br \/>\/<\/p>\n<\/td>\n<td align=\"center\" valign=\"middle\">\n<p>0,3 %<\/p>\n<p>0,5 %<br \/>\/<br \/>\/<\/p>\n<\/td>\n<\/tr>\n<tr align=\"center\" valign=\"middle\">\n<td align=\"center\" valign=\"middle\">\n<p>\u00a0Glucides dont :<\/p>\n<ul>\n<li>sucre<\/li>\n<\/ul>\n<\/td>\n<td align=\"center\" valign=\"middle\">\n<p>9,1 g<\/p>\n<p>1,6 g<\/p>\n<\/td>\n<td align=\"center\" valign=\"middle\">\n<p>3,5 %<\/p>\n<p>1,8 %<\/p>\n<\/td>\n<td align=\"center\" valign=\"middle\">\n<p>0,1 %<\/p>\n<p>0,1 %<\/p>\n<\/td>\n<\/tr>\n<tr align=\"center\" valign=\"middle\">\n<td style=\"text-align: center;\" align=\"center\" valign=\"middle\">\u00a0Fibres alimentaires<\/td>\n<td style=\"text-align: center;\" align=\"center\" valign=\"middle\">7,3 g<\/td>\n<td style=\"text-align: center;\" align=\"center\" valign=\"middle\">\/<\/td>\n<td style=\"text-align: center;\" align=\"center\" valign=\"middle\">\/<\/td>\n<\/tr>\n<tr align=\"center\" valign=\"middle\">\n<td style=\"text-align: center;\" align=\"center\" valign=\"middle\">\u00a0Prot\u00e9ines<\/td>\n<td style=\"text-align: center;\" align=\"center\" valign=\"middle\">60 g<\/td>\n<td style=\"text-align: center;\" align=\"center\" valign=\"middle\">120 %<\/td>\n<td style=\"text-align: center;\" align=\"center\" valign=\"middle\">3,6 %<\/td>\n<\/tr>\n<tr align=\"center\" valign=\"middle\">\n<td style=\"text-align: center;\" align=\"center\" valign=\"middle\">\u00a0Sel<\/td>\n<td style=\"text-align: center;\" align=\"center\" valign=\"middle\">3,3 g<\/td>\n<td style=\"text-align: center;\" align=\"center\" valign=\"middle\">55 %<\/td>\n<td style=\"text-align: center;\" align=\"center\" valign=\"middle\">1,7 %<\/td>\n<\/tr>\n<tr align=\"center\" valign=\"middle\">\n<td align=\"center\" valign=\"middle\">\n<p style=\"text-align: center;\"><strong>Sel Min\u00e9ral, oligo-\u00e9l\u00e9ment<\/strong><\/p>\n<\/td>\n<td align=\"center\" valign=\"middle\">\n<hr \/>\n<\/td>\n<td align=\"center\" valign=\"middle\">\n<hr \/>\n<\/td>\n<td align=\"center\" valign=\"middle\">\n<hr \/>\n<\/td>\n<\/tr>\n<tr align=\"center\" valign=\"middle\">\n<td style=\"text-align: center;\" align=\"center\" valign=\"middle\">\u00a0Phosphore<\/td>\n<td style=\"text-align: center;\" align=\"center\" valign=\"middle\">439 mg<\/td>\n<td style=\"text-align: center;\" align=\"center\" valign=\"middle\">62,7 %<\/td>\n<td style=\"text-align: center;\" align=\"center\" valign=\"middle\">1,9 %<\/td>\n<\/tr>\n<tr align=\"center\" valign=\"middle\">\n<td style=\"text-align: center;\" align=\"center\" valign=\"middle\">\u00a0Potassium<\/td>\n<td style=\"text-align: center;\" align=\"center\" valign=\"middle\">2120 mg<\/td>\n<td style=\"text-align: center;\" align=\"center\" valign=\"middle\">106 %<\/td>\n<td style=\"text-align: center;\" align=\"center\" valign=\"middle\">3,2 %<\/td>\n<\/tr>\n<tr align=\"center\" valign=\"middle\">\n<td style=\"text-align: center;\" align=\"center\" valign=\"middle\">\u00a0Magn\u00e9sium<\/td>\n<td style=\"text-align: center;\" align=\"center\" valign=\"middle\">232 mg<\/td>\n<td style=\"text-align: center;\" align=\"center\" valign=\"middle\">61,9 %<\/td>\n<td style=\"text-align: center;\" align=\"center\" valign=\"middle\">1,9 %<\/td>\n<\/tr>\n<tr align=\"center\" valign=\"middle\">\n<td style=\"text-align: center;\" align=\"center\" valign=\"middle\">\u00a0Fer<\/td>\n<td style=\"text-align: center;\" align=\"center\" valign=\"middle\">48,8 mg<\/td>\n<td style=\"text-align: center;\" align=\"center\" valign=\"middle\">348,6 %<\/td>\n<td style=\"text-align: center;\" align=\"center\" valign=\"middle\">10,5 %<\/td>\n<\/tr>\n<tr align=\"center\" valign=\"middle\">\n<td style=\"text-align: center;\" align=\"center\" valign=\"middle\">\u00a0Cuivre<\/td>\n<td style=\"text-align: center;\" align=\"center\" valign=\"middle\">0,3 mg<\/td>\n<td style=\"text-align: center;\" align=\"center\" valign=\"middle\">30 %<\/td>\n<td style=\"text-align: center;\" align=\"center\" valign=\"middle\">0,9 %<\/td>\n<\/tr>\n<tr align=\"center\" valign=\"middle\">\n<td style=\"text-align: center;\" align=\"center\" valign=\"middle\">\u00a0Zinc<\/td>\n<td style=\"text-align: center;\" align=\"center\" valign=\"middle\">2,1 mg<\/td>\n<td style=\"text-align: center;\" align=\"center\" valign=\"middle\">21 %<\/td>\n<td style=\"text-align: center;\" align=\"center\" valign=\"middle\">0,6 %<\/td>\n<\/tr>\n<tr align=\"center\" valign=\"middle\">\n<td style=\"text-align: center;\" align=\"center\" valign=\"middle\">\u00a0Mangan\u00e8se<\/td>\n<td style=\"text-align: center;\" align=\"center\" valign=\"middle\">1,3 mg<\/td>\n<td style=\"text-align: center;\" align=\"center\" valign=\"middle\">65 %<\/td>\n<td style=\"text-align: center;\" align=\"center\" valign=\"middle\">2,0 %<\/td>\n<\/tr>\n<tr>\n<td style=\"text-align: center;\" align=\"center\" valign=\"middle\"><strong>Vitamines<\/strong><\/td>\n<td align=\"center\" valign=\"middle\">\n<hr \/>\n<\/td>\n<td align=\"center\" valign=\"middle\">\n<hr \/>\n<\/td>\n<td align=\"center\" valign=\"middle\">\n<hr \/>\n<\/td>\n<\/tr>\n<tr align=\"center\" valign=\"middle\">\n<td style=\"text-align: center;\" align=\"center\" valign=\"middle\">\u00a0Provitamine A (**) (\u00e9quivalent r\u00e9tinol)<\/td>\n<td style=\"text-align: center;\" align=\"center\" valign=\"middle\">13 433 \u00b5g<\/td>\n<td style=\"text-align: center;\" align=\"center\" valign=\"middle\">1679 %<\/td>\n<td style=\"text-align: center;\" align=\"center\" valign=\"middle\">50,4 %<\/td>\n<\/tr>\n<tr>\n<td align=\"center\" valign=\"middle\">\n<p>\u00a0Vitamine B1 (Thiamine)<\/p>\n<\/td>\n<td align=\"center\" valign=\"middle\">\n<p style=\"text-align: center;\" align=\"center\">3,5 mg<\/p>\n<\/td>\n<td align=\"center\" valign=\"middle\">\n<p style=\"text-align: center;\" align=\"center\">318,2 %<\/p>\n<\/td>\n<td style=\"text-align: center;\" align=\"center\" valign=\"middle\">\u00a09,5 %<\/td>\n<\/tr>\n<tr>\n<td align=\"center\" valign=\"middle\">\n<p>\u00a0Vitamine B2 (Riboflavine)<\/p>\n<\/td>\n<td align=\"center\" valign=\"middle\">\n<p style=\"text-align: center;\" align=\"center\">3,2 mg<\/p>\n<\/td>\n<td align=\"center\" valign=\"middle\">\n<p style=\"text-align: center;\" align=\"center\">228,6 %<\/p>\n<\/td>\n<td style=\"text-align: center;\" align=\"center\" valign=\"middle\">\u00a06,9 %<\/td>\n<\/tr>\n<tr align=\"center\" valign=\"middle\">\n<td align=\"center\" valign=\"middle\">\n<p>\u00a0Vitamine B3 (Niacine)<\/p>\n<\/td>\n<td align=\"center\" valign=\"middle\">\n<p style=\"text-align: center;\" align=\"center\">12,1 mg<\/p>\n<\/td>\n<td align=\"center\" valign=\"middle\">\n<p style=\"text-align: center;\" align=\"center\">75,6 %<\/p>\n<\/td>\n<td style=\"text-align: center;\" align=\"center\" valign=\"middle\">\u00a02,3 %<\/td>\n<\/tr>\n<tr>\n<td align=\"center\" valign=\"middle\">\n<p>\u00a0Vitamine B6 (Pyridoxine)<\/p>\n<\/td>\n<td align=\"center\" valign=\"middle\">\n<p style=\"text-align: center;\" align=\"center\">0,78 mg<\/p>\n<\/td>\n<td align=\"center\" valign=\"middle\">\n<p style=\"text-align: center;\" align=\"center\">55,7 %<\/p>\n<\/td>\n<td style=\"text-align: center;\" align=\"center\" valign=\"middle\">\u00a01,7 %<\/td>\n<\/tr>\n<tr>\n<td align=\"center\" valign=\"middle\">\n<p>\u00a0Vitamine 9 (Acide folique)<\/p>\n<\/td>\n<td align=\"center\" valign=\"middle\">\n<p style=\"text-align: center;\" align=\"center\">33\u00a0\u00b5g<\/p>\n<\/td>\n<td align=\"center\" valign=\"middle\">\n<p style=\"text-align: center;\" align=\"center\">16,5 %<\/p>\n<\/td>\n<td style=\"text-align: center;\" align=\"center\" valign=\"middle\">0,5 %<\/td>\n<\/tr>\n<tr>\n<td align=\"center\" valign=\"middle\">\n<p>\u00a0Vitamine B12 (Cobalamine)<\/p>\n<\/td>\n<td align=\"center\" valign=\"middle\">\n<p style=\"text-align: center;\" align=\"center\">12 \u00b5g<\/p>\n<\/td>\n<td align=\"center\" valign=\"middle\">\n<p style=\"text-align: center;\" align=\"center\">480 %<\/p>\n<\/td>\n<td style=\"text-align: center;\" align=\"center\" valign=\"middle\">\u00a014,4 %<\/td>\n<\/tr>\n<tr>\n<td align=\"center\" valign=\"middle\">\n<p>\u00a0Vitamine E (a-tocoph\u00e9rol)<\/p>\n<\/td>\n<td align=\"center\" valign=\"middle\">\n<p style=\"text-align: center;\" align=\"center\">7,3 mg<\/p>\n<\/td>\n<td align=\"center\" valign=\"middle\">\n<p style=\"text-align: center;\" align=\"center\">60,8 %<\/p>\n<\/td>\n<td style=\"text-align: center;\" align=\"center\" valign=\"middle\">\u00a01,8 %<\/td>\n<\/tr>\n<\/tbody>\n<\/table>\n<p style=\"text-align: left;\">(**) Issue du b\u00eata-carot\u00e8ne<br \/>(*) AQR : Apport Quotidien de R\u00e9f\u00e9rence<\/p>\n<p style=\"text-align: left;\">(Apport de r\u00e9f\u00e9rence pour un adulte-type ( 8 400 kJ\/ 2 000 kcal))<\/p>\n<p>\n<\/div><\/div><\/div><\/div><\/div><\/section><\/p>\n","protected":false},"excerpt":{"rendered":"","protected":false},"author":1,"featured_media":0,"parent":0,"menu_order":0,"comment_status":"closed","ping_status":"closed","template":"","meta":{"footnotes":""},"class_list":["post-1115","page","type-page","status-publish","hentry"],"_links":{"self":[{"href":"https:\/\/www.spirulinedujura.fr\/index.php\/wp-json\/wp\/v2\/pages\/1115","targetHints":{"allow":["GET"]}}],"collection":[{"href":"https:\/\/www.spirulinedujura.fr\/index.php\/wp-json\/wp\/v2\/pages"}],"about":[{"href":"https:\/\/www.spirulinedujura.fr\/index.php\/wp-json\/wp\/v2\/types\/page"}],"author":[{"embeddable":true,"href":"https:\/\/www.spirulinedujura.fr\/index.php\/wp-json\/wp\/v2\/users\/1"}],"replies":[{"embeddable":true,"href":"https:\/\/www.spirulinedujura.fr\/index.php\/wp-json\/wp\/v2\/comments?post=1115"}],"version-history":[{"count":19,"href":"https:\/\/www.spirulinedujura.fr\/index.php\/wp-json\/wp\/v2\/pages\/1115\/revisions"}],"predecessor-version":[{"id":1461,"href":"https:\/\/www.spirulinedujura.fr\/index.php\/wp-json\/wp\/v2\/pages\/1115\/revisions\/1461"}],"wp:attachment":[{"href":"https:\/\/www.spirulinedujura.fr\/index.php\/wp-json\/wp\/v2\/media?parent=1115"}],"curies":[{"name":"wp","href":"https:\/\/api.w.org\/{rel}","templated":true}]}}