{"id":1158,"date":"2021-01-29T18:19:21","date_gmt":"2021-01-29T17:19:21","guid":{"rendered":"http:\/\/ijkrorc.cluster030.hosting.ovh.net\/Wp\/?page_id=1158"},"modified":"2021-02-12T00:11:29","modified_gmt":"2021-02-11T23:11:29","slug":"bienfaits-pour-les-animaux","status":"publish","type":"page","link":"https:\/\/www.spirulinedujura.fr\/index.php\/bienfaits-pour-les-animaux\/","title":{"rendered":"Bienfaits pour les animaux"},"content":{"rendered":"<section class=\"kc-elm kc-css-519322 kc_row\"><div class=\"kc-row-container  kc-container\"><div class=\"kc-wrap-columns\"><div class=\"kc-elm kc-css-348994 kc_col-sm-12 kc_column kc_col-sm-12\"><div class=\"kc-col-container\">\r\t<div class=\"kc-elm kc-css-20835 \">\r\r\t\t<div class=\"section-title  t_center\">\r\r\t\t\t<h2>Compl\u00e9ment alimentaire <span>pour toutes les esp\u00e8ces<\/span><\/h2>\r\t\t\t\r\t\t\t\r\t\t\t\t\t\t\r\t\t\t\t\t\t\r\t\t\t\t<div class=\"em-bar-main\">\r\t\t\t\t\t<div class=\"em-bar\"><\/div>\r\t\t\t\t\t<div class=\"em-bar em-bar-big\"><\/div>\r\t\t\t\t\t<div class=\"em-bar\"><\/div>\r\t\t\t\t<\/div>\r\t\t\t\t\r\t\t\t\r\t\t\t\r\t\t\t\t\t\t\r\t\t\t\r\t\t\t\r\r\t\t\t\r\t\t<\/div>\t\r\r\t<\/div>\r\r\t<div class=\"kc-elm kc-css-407241 kc_text_block\"><\/p>\n<div>\n<p>Tr\u00e8s b\u00e9n\u00e9fique pour les chiens, les chats et autres animaux de compagnie, la spiruline leur donne un pelage soyeux, fourni\u00a0 et brillant, fortifie l&#039;organisme, renforce les d\u00e9fenses naturelles, am\u00e9liore les performances&#8230;<\/p>\n<p>La spiruline est une micro algue douce. Elle contient\u00a060% de prot\u00e9ines\u00a0\u00a0mais aussi un grand nombre d&#039;acides amin\u00e9s, de vitamines et de min\u00e9raux comme le fer, le magn\u00e9sium et le chrome. Tr\u00e8s riche en phycocyanine, la spiruline pr\u00e9sente des propri\u00e9t\u00e9s antioxydantes exceptionnelles. Utilis\u00e9e comme compl\u00e9ment alimentaire chez l&#039;homme depuis de nombreuses ann\u00e9es, elle commence \u00e0 \u00eatre utilis\u00e9e dans l&#039;alimentation animale avec un succ\u00e8s similaire.<\/p>\n<\/p>\n<\/div>\n<p>\n<\/div>\r\t<div class=\"kc-elm kc-css-471529 \">\r\r\t\t<div class=\"section-title  t_center\">\r\r\t\t\t<h2>Bienfaits de la spiruline <span>pour les animaux de compagnie<\/span><\/h2>\r\t\t\t\r\t\t\t\r\t\t\t\t\t\t\r\t\t\t\t\t\t\r\t\t\t\t<div class=\"em-bar-main\">\r\t\t\t\t\t<div class=\"em-bar\"><\/div>\r\t\t\t\t\t<div class=\"em-bar em-bar-big\"><\/div>\r\t\t\t\t\t<div class=\"em-bar\"><\/div>\r\t\t\t\t<\/div>\r\t\t\t\t\r\t\t\t\r\t\t\t\r\t\t\t\t\t\t\r\t\t\t\r\t\t\t\r\r\t\t\t\r\t\t<\/div>\t\r\r\t<\/div>\r\r\t<div class=\"kc-elm kc-css-81869 kc_text_block\"><\/p>\n<h3>Elle est \u00e0\u00a0recommander aux animaux seniors, convalescents ou faibles.<\/h3>\n<p>Toutes les esp\u00e8ces animales peuvent prendre ce compl\u00e9ment alimentaire : du poisson \u00e0 la poule en passant par le chien, le chat, le cheval\u2026<br \/>Ce nutriment fortifie l\u2019organisme, renforce les d\u00e9fenses naturelles, am\u00e9liore les performances\u2026<br \/>Ses indications sont multiples :\u00a0<br \/>Convalescence de maladies : piroplasmose du chien\u2026<br \/>Mauvais \u00e9tat g\u00e9n\u00e9ral : rachitisme, amaigrissement, cancer\u2026<br \/>Vieillissement : action b\u00e9n\u00e9fique des antis oxydants, capteurs des radicaux libres \u00e0 l\u2019origine du vieillissement cellulaire.<\/p>\n<p>Action positive sur le terrain arthritique, donc pour l\u2019arthrose des chiens et chats.<\/p>\n<p>Am\u00e9lioration des performances sportives comme chez l\u2018homme.. Et aussi contre les chutes de poils ! (par l\u2019action des acides gras, vitamines et oligo\u00e9l\u00e9ments)\u2026<\/p>\n<p>Notons que certains \u00e9leveurs de poules ajoutent de la spiruline \u00e0 leur ration alimentaire, les \u0153ufs qu\u2019elles pondent sont alors nettement de meilleure qualit\u00e9.<\/p>\n<h2>\u00a0<\/h2>\n<p>\n<\/div>\r\t<div class=\"kc-elm kc-css-893745 \">\r\r\t\t<div class=\"section-title  t_center\">\r\r\t\t\t<h2>Les bienfaits de la spiruline <span>pour les chevaux <\/span><\/h2>\r\t\t\t\r\t\t\t\r\t\t\t\t\t\t\r\t\t\t\t\t\t\r\t\t\t\t<div class=\"em-bar-main\">\r\t\t\t\t\t<div class=\"em-bar\"><\/div>\r\t\t\t\t\t<div class=\"em-bar em-bar-big\"><\/div>\r\t\t\t\t\t<div class=\"em-bar\"><\/div>\r\t\t\t\t<\/div>\r\t\t\t\t\r\t\t\t\r\t\t\t\r\t\t\t\t\t\t\r\t\t\t\r\t\t\t\r\r\t\t\t\r\t\t<\/div>\t\r\r\t<\/div>\r\r\t<div class=\"kc-elm kc-css-467218 kc_text_block\"><\/p>\n<h3>Chevaux de course, de centre \u00e9questre ou de compagnie consomment de la spiruline de mani\u00e8re r\u00e9guli\u00e8re<\/h3>\n<p>L&#039;importante combinaison d&#039;\u00e9l\u00e9ments nutritifs propos\u00e9e par la spiruline\u00a0renforce le syst\u00e8me immunitaire et augmente la r\u00e9sistance aux infections.\u00a0Elle permet \u00e9gal un\u00a0d\u00e9veloppement de la masse musculaire, une\u00a0r\u00e9cup\u00e9ration rapide\u00a0pour les chevaux de sport apr\u00e8s des efforts soutenus mais aussi pour les chevaux convalescents, et une\u00a0meilleure f\u00e9condit\u00e9.<\/p>\n<\/p>\n<p>\n<\/div>\r\t<div class=\"kc-elm kc-css-442962 \">\r\r\t\t<div class=\"section-title  t_center\">\r\r\t\t\t<h2>EN BREF<\/h2>\r\t\t\t\r\t\t\t\r\t\t\t\t\t\t\r\t\t\t\t\t\t\r\t\t\t\t<div class=\"em-bar-main\">\r\t\t\t\t\t<div class=\"em-bar\"><\/div>\r\t\t\t\t\t<div class=\"em-bar em-bar-big\"><\/div>\r\t\t\t\t\t<div class=\"em-bar\"><\/div>\r\t\t\t\t<\/div>\r\t\t\t\t\r\t\t\t\r\t\t\t\r\t\t\t\t\t\t\r\t\t\t\r\t\t\t\r\r\t\t\t\r\t\t<\/div>\t\r\r\t<\/div>\r\r\t<div class=\"kc-elm kc-css-466443 kc_text_block\"><\/p>\n<h3>La spiruline permet \u00e0 votre animal de rester en bonne sant\u00e9 plus longtemps. Elle lui permet \u00e9galement de r\u00e9cup\u00e9rer plus vite apr\u00e8s l&#039;effort ou apr\u00e8s une maladie.<\/h3>\n<p>La posologie va d&#039;une cuill\u00e8re \u00e0 caf\u00e9 rase pour un chat \u00e0 une cuill\u00e8re \u00e0 soupe \u00a0pour un grand chien. Pour un cheval, on conseille 2 cuill\u00e8res \u00e0 soupe par jour, contre 1 pour les poneys.<br \/>Les brindilles de spiruline sont \u00e0 ajouter \u00e0 la ration.<\/p>\n<p><em><strong>Important :<\/strong> la spiruline a un effet d\u00e9toxifiant qui peut provoquer des troubles intestinaux passagers et r\u00e9versibles. Commencez toujours par de petites quantit\u00e9s pendant 1 \u00e0 1,5 semaine <\/em>pour habituer l\u2019organisme\u00a0<em>et demandez l\u2019avis de votre v\u00e9t\u00e9rinaire en cas de doute<\/em><\/p>\n<p>\n<\/div><\/div><\/div><\/div><\/div><\/section>\n","protected":false},"excerpt":{"rendered":"","protected":false},"author":1,"featured_media":0,"parent":0,"menu_order":0,"comment_status":"closed","ping_status":"closed","template":"","meta":{"footnotes":""},"class_list":["post-1158","page","type-page","status-publish","hentry"],"_links":{"self":[{"href":"https:\/\/www.spirulinedujura.fr\/index.php\/wp-json\/wp\/v2\/pages\/1158","targetHints":{"allow":["GET"]}}],"collection":[{"href":"https:\/\/www.spirulinedujura.fr\/index.php\/wp-json\/wp\/v2\/pages"}],"about":[{"href":"https:\/\/www.spirulinedujura.fr\/index.php\/wp-json\/wp\/v2\/types\/page"}],"author":[{"embeddable":true,"href":"https:\/\/www.spirulinedujura.fr\/index.php\/wp-json\/wp\/v2\/users\/1"}],"replies":[{"embeddable":true,"href":"https:\/\/www.spirulinedujura.fr\/index.php\/wp-json\/wp\/v2\/comments?post=1158"}],"version-history":[{"count":7,"href":"https:\/\/www.spirulinedujura.fr\/index.php\/wp-json\/wp\/v2\/pages\/1158\/revisions"}],"predecessor-version":[{"id":1445,"href":"https:\/\/www.spirulinedujura.fr\/index.php\/wp-json\/wp\/v2\/pages\/1158\/revisions\/1445"}],"wp:attachment":[{"href":"https:\/\/www.spirulinedujura.fr\/index.php\/wp-json\/wp\/v2\/media?parent=1158"}],"curies":[{"name":"wp","href":"https:\/\/api.w.org\/{rel}","templated":true}]}}