{"id":1284,"date":"2021-02-01T10:41:01","date_gmt":"2021-02-01T09:41:01","guid":{"rendered":"http:\/\/ijkrorc.cluster030.hosting.ovh.net\/Wp\/?page_id=1284"},"modified":"2021-02-12T00:30:17","modified_gmt":"2021-02-11T23:30:17","slug":"1284-2","status":"publish","type":"page","link":"https:\/\/www.spirulinedujura.fr\/index.php\/1284-2\/","title":{"rendered":"Une ferme du 21\u00e8me si\u00e8cle"},"content":{"rendered":"<section class=\"kc-elm kc-css-847674 kc_row\"><div class=\"kc-row-container  kc-container\"><div class=\"kc-wrap-columns\"><div class=\"kc-elm kc-css-594166 kc_col-sm-12 kc_column kc_col-sm-12\"><div class=\"kc-col-container\">\r\t<div class=\"kc-elm kc-css-914405 \">\r\r\t\t<div class=\"section-title  t_center\">\r\r\t\t\t<h2>Une ferme  <span>du 21\u00e8me si\u00e8cle...<\/span><\/h2>\r\t\t\t\r\t\t\t\r\t\t\t\t\t\t\r\t\t\t\t\t\t\r\t\t\t\t<div class=\"em-bar-main\">\r\t\t\t\t\t<div class=\"em-bar\"><\/div>\r\t\t\t\t\t<div class=\"em-bar em-bar-big\"><\/div>\r\t\t\t\t\t<div class=\"em-bar\"><\/div>\r\t\t\t\t<\/div>\r\t\t\t\t\r\t\t\t\r\t\t\t\r\t\t\t\t\t\t\r\t\t\t\r\t\t\t\r\r\t\t\t\r\t\t<\/div>\t\r\r\t<\/div>\r\r\t<div class=\"kc-elm kc-css-311755 kc_text_block\"><\/p>\n<p>Les besoins alimentaires de notre monde \u00e9voluant avec sa population, la ferme du 21\u00e8me si\u00e8cle se veut respectueuse de ses clients par la production d&#039;un produit de grande qualit\u00e9 nutritive, mais \u00e9galement de son environnement et de la nature.<\/p>\n<p>Il s\u2019agit d\u2019un agrosyst\u00e8me \u00e0 la fois naturel et tr\u00e8s productif, qui fonctionne avec un recours minimal aux \u00e9nergies fossiles, mais \u00e9galement avec un minima aux ressources naturelle<span class=\"text_exposed_show\">s.<\/span><\/p>\n<div class=\"text_exposed_show\">\n<p>Les besoins sont extr\u00eamement simples :<br \/>&#8211; un terrain bien ensoleill\u00e9 et loin de toutes pollutions.<br \/>&#8211; une serre<br \/>&#8211; des bassins implant\u00e9s dans la serre<br \/>&#8211; de l&#039;eau<\/p>\n<p>et une bonne dose de savoir faire dans le domaine de la biotechnologie donnerons naissance \u00e0 une micro algue au pouvoir \u00e9tonnant.<\/p>\n<p>La ferme de Spiruline de Salans est un mod\u00e8le en terme de consommation des ressources naturelles et \u00e9nerg\u00e9tiques. Une fois le cycle \u00ab amorc\u00e9 \u00bb, la ferme fonctionne en total autonomie.<br \/>&#8211; captage de l&#039;eau de source et potabilisation de celle-ci pour la production.<br \/>&#8211; \u00e9puration et r\u00e9-utilisation de l&#039;eau de la production pour la prochaine production.<br \/>&#8211; auto-suffisance \u00e9nerg\u00e9tique gr\u00e2ce au solaire.<br \/>&#8211; aucun d\u00e9chets (le d\u00e9chet r\u00e9siduel est utilis\u00e9 en compost).<\/p>\n<p>Tous ces crit\u00e8res permettent la production d&#039;une micro-algue qui se nomme spiruline.<\/p>\n<\/div>\n<p>\n<\/div><\/div><\/div><\/div><\/div><\/section>\n","protected":false},"excerpt":{"rendered":"","protected":false},"author":1,"featured_media":0,"parent":0,"menu_order":0,"comment_status":"closed","ping_status":"closed","template":"","meta":{"footnotes":""},"class_list":["post-1284","page","type-page","status-publish","hentry"],"_links":{"self":[{"href":"https:\/\/www.spirulinedujura.fr\/index.php\/wp-json\/wp\/v2\/pages\/1284","targetHints":{"allow":["GET"]}}],"collection":[{"href":"https:\/\/www.spirulinedujura.fr\/index.php\/wp-json\/wp\/v2\/pages"}],"about":[{"href":"https:\/\/www.spirulinedujura.fr\/index.php\/wp-json\/wp\/v2\/types\/page"}],"author":[{"embeddable":true,"href":"https:\/\/www.spirulinedujura.fr\/index.php\/wp-json\/wp\/v2\/users\/1"}],"replies":[{"embeddable":true,"href":"https:\/\/www.spirulinedujura.fr\/index.php\/wp-json\/wp\/v2\/comments?post=1284"}],"version-history":[{"count":3,"href":"https:\/\/www.spirulinedujura.fr\/index.php\/wp-json\/wp\/v2\/pages\/1284\/revisions"}],"predecessor-version":[{"id":1463,"href":"https:\/\/www.spirulinedujura.fr\/index.php\/wp-json\/wp\/v2\/pages\/1284\/revisions\/1463"}],"wp:attachment":[{"href":"https:\/\/www.spirulinedujura.fr\/index.php\/wp-json\/wp\/v2\/media?parent=1284"}],"curies":[{"name":"wp","href":"https:\/\/api.w.org\/{rel}","templated":true}]}}