{"id":1488,"date":"2023-04-07T13:54:05","date_gmt":"2023-04-07T11:54:05","guid":{"rendered":"https:\/\/www.spirulinedujura.fr\/?page_id=1488"},"modified":"2025-06-29T16:47:44","modified_gmt":"2025-06-29T14:47:44","slug":"visite","status":"publish","type":"page","link":"https:\/\/www.spirulinedujura.fr\/index.php\/home-4\/visite\/","title":{"rendered":"Inscription Visite"},"content":{"rendered":"<section class=\"kc-elm kc-css-474708 kc_row\"><div class=\"kc-row-container  kc-container\"><div class=\"kc-wrap-columns\"><div class=\"kc-elm kc-css-528725 kc_col-sm-7 kc_column kc_col-sm-7\"><div class=\"kc-col-container\"><div class=\"kc-elm kc-css-844441 kc_shortcode kc_single_image\">\n\n        <img decoding=\"async\" src=\"https:\/\/www.spirulinedujura.fr\/wp-content\/uploads\/2023\/04\/Visite-dune-ferme-de-production-de-Spiruline.png\" class=\"\" alt=\"\" \/>    <\/div>\n<div class=\"kc-elm kc-css-576227 kc_text_block\"><\/p>\n<div class=\"et_pb_module et_pb_text et_pb_text_2 et_pb_text_align_left et_pb_bg_layout_light\">\n<div class=\"et_pb_text_inner\">\n<div>\n<div class=\"gmail-x11i5rnm gmail-xat24cr gmail-x1mh8g0r gmail-x1vvkbs gmail-xtlvy1s\">\n<p>Au programme :<\/p>\n<\/div>\n<div class=\"gmail-x11i5rnm gmail-xat24cr gmail-x1mh8g0r gmail-x1vvkbs gmail-xtlvy1s\">\n<p><span class=\"gmail-x3nfvp2 gmail-x1j61x8r gmail-x1fcty0u gmail-xdj266r gmail-xhhsvwb gmail-xat24cr gmail-xgzva0m gmail-xxymvpz gmail-xlup9mm gmail-x1kky2od\"><img loading=\"lazy\" decoding=\"async\" class=\" ls-is-cached lazyloaded\" src=\"https:\/\/static.xx.fbcdn.net\/images\/emoji.php\/v9\/t9b\/1.5\/16\/2618.png\" alt=\"\u2618\ufe0f\" data-src=\"https:\/\/static.xx.fbcdn.net\/images\/emoji.php\/v9\/t9b\/1.5\/16\/2618.png\" width=\"16\" height=\"16\"><\/span> D\u00e9couvrez les <strong>origines et l\u2019histoire de la spiruline<\/strong>,<br \/><span class=\"gmail-x3nfvp2 gmail-x1j61x8r gmail-x1fcty0u gmail-xdj266r gmail-xhhsvwb gmail-xat24cr gmail-xgzva0m gmail-xxymvpz gmail-xlup9mm gmail-x1kky2od\"><img loading=\"lazy\" decoding=\"async\" class=\" ls-is-cached lazyloaded\" src=\"https:\/\/static.xx.fbcdn.net\/images\/emoji.php\/v9\/t9b\/1.5\/16\/2618.png\" alt=\"\u2618\ufe0f\" data-src=\"https:\/\/static.xx.fbcdn.net\/images\/emoji.php\/v9\/t9b\/1.5\/16\/2618.png\" width=\"16\" height=\"16\"><\/span> Focus sur les <strong>bienfaits de la spiruline<\/strong>,<br \/><span class=\"gmail-x3nfvp2 gmail-x1j61x8r gmail-x1fcty0u gmail-xdj266r gmail-xhhsvwb gmail-xat24cr gmail-xgzva0m gmail-xxymvpz gmail-xlup9mm gmail-x1kky2od\"><img loading=\"lazy\" decoding=\"async\" class=\" ls-is-cached lazyloaded\" src=\"https:\/\/static.xx.fbcdn.net\/images\/emoji.php\/v9\/t9b\/1.5\/16\/2618.png\" alt=\"\u2618\ufe0f\" data-src=\"https:\/\/static.xx.fbcdn.net\/images\/emoji.php\/v9\/t9b\/1.5\/16\/2618.png\" width=\"16\" height=\"16\"><\/span> D\u00e9couverte de toutes les <strong>\u00e9tapes de production<\/strong> pour obtenir une spiruline BIO de qualit\u00e9,<br \/><span class=\"gmail-x3nfvp2 gmail-x1j61x8r gmail-x1fcty0u gmail-xdj266r gmail-xhhsvwb gmail-xat24cr gmail-xgzva0m gmail-xxymvpz gmail-xlup9mm gmail-x1kky2od\"><img loading=\"lazy\" decoding=\"async\" class=\" ls-is-cached lazyloaded\" src=\"https:\/\/static.xx.fbcdn.net\/images\/emoji.php\/v9\/t9b\/1.5\/16\/2618.png\" alt=\"\u2618\ufe0f\" data-src=\"https:\/\/static.xx.fbcdn.net\/images\/emoji.php\/v9\/t9b\/1.5\/16\/2618.png\" width=\"16\" height=\"16\"><\/span> <strong>D\u00e9gustation<\/strong> de la spiruline !<\/p>\n<p>Notre ferme est la seule en France \u00e0 \u00eatre 100% AUTONOME. <br \/>Nous vous montrerons comment cela est r\u00e9alisable.<\/p>\n<p>En cette p\u00e9riode, nombreux d\u2019entre nous ont besoin d\u2019un petit coup de boost !<\/p>\n<\/div>\n<div class=\"gmail-x11i5rnm gmail-xat24cr gmail-x1mh8g0r gmail-x1vvkbs gmail-xtlvy1s\">\n<p><span style=\"font-size: 14px;\">Des plus jeunes au plus \u00e2g\u00e9s, la spiruline peut faire du bien \u00e0 tous les membres de la famille !<\/span><\/p>\n<p><strong>Alors venez d\u00e9couvrir ses bienfaits&nbsp;<span class=\"gmail-x3nfvp2 gmail-x1j61x8r gmail-x1fcty0u gmail-xdj266r gmail-xhhsvwb gmail-xat24cr gmail-xgzva0m gmail-xxymvpz gmail-xlup9mm gmail-x1kky2od\"><img loading=\"lazy\" decoding=\"async\" class=\" ls-is-cached lazyloaded\" src=\"https:\/\/static.xx.fbcdn.net\/images\/emoji.php\/v9\/td8\/1.5\/16\/1f60a.png\" alt=\"\ud83d\ude0a\" data-src=\"https:\/\/static.xx.fbcdn.net\/images\/emoji.php\/v9\/td8\/1.5\/16\/1f60a.png\" width=\"16\" height=\"16\"><\/span><\/strong><\/p>\n<\/p>\n<\/div>\n<div class=\"gmail-x11i5rnm gmail-xat24cr gmail-x1mh8g0r gmail-x1vvkbs gmail-xtlvy1s\">Si vous avez d\u2019autres questions ou si vous n\u2019\u00eates pas disponible \u00e0 cette<br \/>date, nous pouvons organiser des visites priv\u00e9es pour vous et votre<br \/>famille ou amis.<\/div>\n<div class=\"gmail-x11i5rnm gmail-xat24cr gmail-x1mh8g0r gmail-x1vvkbs gmail-xtlvy1s\">\n<p>Dans ce cas l\u00e0, contactez-nous par email dans notre <a href=\"https:\/\/www.spirulinedujura.fr\/index.php\/nous-trouver\/\">Formulaire de contact<\/a>.<\/p>\n<\/div>\n<\/div>\n<div class=\"gmail-x11i5rnm gmail-xat24cr gmail-x1mh8g0r gmail-x1vvkbs gmail-xtlvy1s\">Pour vous inscrire, il suffit de remplir le formulaire ci-dessous en suivant les \u00e9tapes.<\/div>\n<div class=\"gmail-x11i5rnm gmail-xat24cr gmail-x1mh8g0r gmail-x1vvkbs gmail-xtlvy1s\"><\/div>\n<div class=\"gmail-x11i5rnm gmail-xat24cr gmail-x1mh8g0r gmail-x1vvkbs gmail-xtlvy1s\"><span style=\"color: #ff0000;\"><em>Si vous rencontrez un probl\u00e8me pour remplir le formulaire, merci d\u2019appeler le 06 87 05 71 32<br \/>et nous prendrons votre inscription manuellement. <br \/><\/em><\/span><\/div>\n<\/div>\n<\/div>\n<p>\n<\/div><\/div><\/div><div class=\"kc-elm kc-css-418813 kc_col-sm-5 kc_column kc_col-sm-5\"><div class=\"kc-col-container\"><div class=\"kc-contact-form7 kc-elm kc-css-336197\"><h2>Visite de la ferme de Spiruline de SALANS<\/h2>\n<div class=\"wpcf7 no-js\" id=\"wpcf7-f1486-o1\" lang=\"fr-FR\" dir=\"ltr\" data-wpcf7-id=\"1486\">\n<div class=\"screen-reader-response\"><p role=\"status\" aria-live=\"polite\" aria-atomic=\"true\"><\/p> <ul><\/ul><\/div>\n<form action=\"\/index.php\/wp-json\/wp\/v2\/pages\/1488#wpcf7-f1486-o1\" method=\"post\" class=\"wpcf7-form init\" aria-label=\"Formulaire de contact\" novalidate=\"novalidate\" data-status=\"init\">\n<fieldset class=\"hidden-fields-container\"><input type=\"hidden\" name=\"_wpcf7\" value=\"1486\" \/><input type=\"hidden\" name=\"_wpcf7_version\" value=\"6.1.5\" \/><input type=\"hidden\" name=\"_wpcf7_locale\" value=\"fr_FR\" \/><input type=\"hidden\" name=\"_wpcf7_unit_tag\" value=\"wpcf7-f1486-o1\" \/><input type=\"hidden\" name=\"_wpcf7_container_post\" value=\"0\" \/><input type=\"hidden\" name=\"_wpcf7_posted_data_hash\" value=\"\" \/><input type=\"hidden\" name=\"_wpcf7_recaptcha_response\" value=\"\" \/>\n<\/fieldset>\n<p><label> Votre nom<br \/>\n<span class=\"wpcf7-form-control-wrap\" data-name=\"your-name\"><input size=\"40\" maxlength=\"400\" class=\"wpcf7-form-control wpcf7-text wpcf7-validates-as-required\" aria-required=\"true\" aria-invalid=\"false\" value=\"\" type=\"text\" name=\"your-name\" \/><\/span> <\/label>\n<\/p>\n<p><label> Votre pr\u00e9nom<br \/>\n<span class=\"wpcf7-form-control-wrap\" data-name=\"your-surname\"><input size=\"40\" maxlength=\"400\" class=\"wpcf7-form-control wpcf7-text wpcf7-validates-as-required\" aria-required=\"true\" aria-invalid=\"false\" value=\"\" type=\"text\" name=\"your-surname\" \/><\/span><\/label>\n<\/p>\n<p><label> Votre e-mail<br \/>\n<span class=\"wpcf7-form-control-wrap\" data-name=\"your-email\"><input size=\"40\" maxlength=\"400\" class=\"wpcf7-form-control wpcf7-email wpcf7-validates-as-required wpcf7-text wpcf7-validates-as-email\" aria-required=\"true\" aria-invalid=\"false\" value=\"\" type=\"email\" name=\"your-email\" \/><\/span> <\/label>\n<\/p>\n<p><label> Votre T\u00e9l\u00e9phone<br \/>\n<span class=\"wpcf7-form-control-wrap\" data-name=\"tel-194\"><input size=\"40\" maxlength=\"400\" class=\"wpcf7-form-control wpcf7-tel wpcf7-validates-as-required wpcf7-text wpcf7-validates-as-tel\" aria-required=\"true\" aria-invalid=\"false\" value=\"\" type=\"tel\" name=\"tel-194\" \/><\/span><\/label>\n<\/p>\n<p><label> Choisir la date de visite<br \/>\n<span class=\"wpcf7-form-control-wrap\" data-name=\"menu-847\"><select class=\"wpcf7-form-control wpcf7-select wpcf7-validates-as-required\" aria-required=\"true\" aria-invalid=\"false\" name=\"menu-847\"><option value=\"\">&#8212;Veuillez choisir une option&#8212;<\/option><option value=\"Dimanche 29 Mars 2026 - 10h30\">Dimanche 29 Mars 2026 - 10h30<\/option><option value=\"Dimanche 12 Avril 2026 - 10h30\">Dimanche 12 Avril 2026 - 10h30<\/option><option value=\"Dimanche 19 Avril 2026 - 10h30\">Dimanche 19 Avril 2026 - 10h30<\/option><option value=\"SAMEDI 25 Avril 2026 - 14h30\">SAMEDI 25 Avril 2026 - 14h30<\/option><option value=\"Dimanche 26 Avril 2026 - 10h30\">Dimanche 26 Avril 2026 - 10h30<\/option><\/select><\/span> <\/label>\n<\/p>\n<p><label> Nombre de personne(s)<br \/>\n<span class=\"wpcf7-form-control-wrap\" data-name=\"menu-953\"><select class=\"wpcf7-form-control wpcf7-select wpcf7-validates-as-required\" aria-required=\"true\" aria-invalid=\"false\" name=\"menu-953\"><option value=\"1\">1<\/option><option value=\"2\">2<\/option><option value=\"3\">3<\/option><option value=\"4\">4<\/option><option value=\"5\">5<\/option><option value=\"6\">6<\/option><option value=\"7\">7<\/option><option value=\"8\">8<\/option><option value=\"9\">9<\/option><option value=\"10\">10<\/option><option value=\"+ de 10\">+ de 10<\/option><\/select><\/span><\/label>\n<\/p>\n<p><span class=\"wpcf7-form-control-wrap\" data-name=\"acceptance-844\"><span class=\"wpcf7-form-control wpcf7-acceptance\"><span class=\"wpcf7-list-item\"><label><input type=\"checkbox\" name=\"acceptance-844\" value=\"1\" aria-invalid=\"false\" \/><span class=\"wpcf7-list-item-label\">En envoyant mes informations, j'accepte votre Politique de confidentialit\u00e9<\/span><\/label><\/span><\/span><\/span>\n<\/p>\n<p><input class=\"wpcf7-form-control wpcf7-submit has-spinner\" type=\"submit\" value=\"Envoyer\" \/>\n<\/p><p style=\"display: none !important;\" class=\"akismet-fields-container\" data-prefix=\"_wpcf7_ak_\"><label>&#916;<textarea name=\"_wpcf7_ak_hp_textarea\" cols=\"45\" rows=\"8\" maxlength=\"100\"><\/textarea><\/label><input type=\"hidden\" id=\"ak_js_1\" name=\"_wpcf7_ak_js\" value=\"246\"\/><script>document.getElementById( \"ak_js_1\" ).setAttribute( \"value\", ( new Date() ).getTime() );<\/script><\/p><div class=\"wpcf7-response-output\" aria-hidden=\"true\"><\/div>\n<\/form>\n<\/div>\n<\/div><\/div><\/div><\/div><\/div><\/section>\n","protected":false},"excerpt":{"rendered":"","protected":false},"author":1,"featured_media":0,"parent":762,"menu_order":0,"comment_status":"closed","ping_status":"closed","template":"","meta":{"footnotes":""},"class_list":["post-1488","page","type-page","status-publish","hentry"],"_links":{"self":[{"href":"https:\/\/www.spirulinedujura.fr\/index.php\/wp-json\/wp\/v2\/pages\/1488","targetHints":{"allow":["GET"]}}],"collection":[{"href":"https:\/\/www.spirulinedujura.fr\/index.php\/wp-json\/wp\/v2\/pages"}],"about":[{"href":"https:\/\/www.spirulinedujura.fr\/index.php\/wp-json\/wp\/v2\/types\/page"}],"author":[{"embeddable":true,"href":"https:\/\/www.spirulinedujura.fr\/index.php\/wp-json\/wp\/v2\/users\/1"}],"replies":[{"embeddable":true,"href":"https:\/\/www.spirulinedujura.fr\/index.php\/wp-json\/wp\/v2\/comments?post=1488"}],"version-history":[{"count":18,"href":"https:\/\/www.spirulinedujura.fr\/index.php\/wp-json\/wp\/v2\/pages\/1488\/revisions"}],"predecessor-version":[{"id":1556,"href":"https:\/\/www.spirulinedujura.fr\/index.php\/wp-json\/wp\/v2\/pages\/1488\/revisions\/1556"}],"up":[{"embeddable":true,"href":"https:\/\/www.spirulinedujura.fr\/index.php\/wp-json\/wp\/v2\/pages\/762"}],"wp:attachment":[{"href":"https:\/\/www.spirulinedujura.fr\/index.php\/wp-json\/wp\/v2\/media?parent=1488"}],"curies":[{"name":"wp","href":"https:\/\/api.w.org\/{rel}","templated":true}]}}